{"id":4227,"date":"2018-02-05T03:14:06","date_gmt":"2018-02-05T02:14:06","guid":{"rendered":"http:\/\/henro.fr\/en\/?page_id=4227"},"modified":"2019-02-10T08:58:31","modified_gmt":"2019-02-10T07:58:31","slug":"last-updates-henro-michi-shikoku-pilgrimage","status":"publish","type":"page","link":"https:\/\/henro.fr\/en\/last-updates-henro-michi-shikoku-pilgrimage\/","title":{"rendered":"Last updates henro trail"},"content":{"rendered":"<p>You will find on this page the last additions and the last modifications of the website henro trail on the pilgrimage of Shikoku.<\/p>\n<h3>The last 10 posts<\/h3>\n<ul class=\"lcp_catlist\" id=\"lcp_instance_0\"><li><a href=\"https:\/\/henro.fr\/en\/shikoku-pilgrimage-temples-maps\/\" title=\"Shikoku pilgrimage temples maps\">Shikoku pilgrimage temples maps<\/a>  13 December 2018<\/li><li><a href=\"https:\/\/henro.fr\/en\/hachiju-hachi-kasho-kesako\/\" title=\"Hachiju hachi kasho what&#8217;s that?\">Hachiju hachi kasho what&#8217;s that?<\/a>  6 December 2018<\/li><li><a href=\"https:\/\/henro.fr\/en\/henro-house-pelerinage-shikoku\/\" title=\"Henro House\">Henro House<\/a>  1 December 2018<\/li><li><a href=\"https:\/\/henro.fr\/en\/kobo-daishi-kukai\/\" title=\"K\u014db\u014d Daishi (K\u016bkai)\">K\u014db\u014d Daishi (K\u016bkai)<\/a>  13 March 2018<\/li><li><a href=\"https:\/\/henro.fr\/en\/presentation-de-shikoku\/\" title=\"Shikoku introduction\">Shikoku introduction<\/a>  6 January 2018<\/li><li><a href=\"https:\/\/henro.fr\/en\/ryokan-dormir-pelerinage-shikoku\/\" title=\"Ryokan\">Ryokan<\/a>  4 January 2018<\/li><li><a href=\"https:\/\/henro.fr\/en\/henro-goya-pelerinage-shikoku\/\" title=\"Henro Goya\">Henro Goya<\/a>  1 January 2018<\/li><li><a href=\"https:\/\/henro.fr\/en\/zenkonyado-pelerinage-shikoku\/\" title=\"Zenkonyado\">Zenkonyado<\/a>  27 July 2016<\/li><li><a href=\"https:\/\/henro.fr\/en\/nojuku-shikoku-henro\/\" title=\"Nojuku\">Nojuku<\/a>  22 April 2016<\/li><\/ul>\n<h3>The last 10 entries of the glossary<\/h3>\n<ul class=\"lcp_catlist\" id=\"lcp_instance_0\"><li><a href=\"https:\/\/henro.fr\/en\/glossary\/sutra\/\" title=\"Sutra\">Sutra<\/a>  6 April 2019<\/li><li><a href=\"https:\/\/henro.fr\/en\/glossary\/naiten\/\" title=\"Naiten\">Naiten<\/a>  6 April 2019<\/li><li><a href=\"https:\/\/henro.fr\/en\/glossary\/shinnen\/\" title=\"Y\u016bben Shinnen\">Y\u016bben Shinnen<\/a>  6 February 2019<\/li><li><a href=\"https:\/\/henro.fr\/en\/glossary\/bento\/\" title=\"Bent\u014d\">Bent\u014d<\/a>  3 February 2019<\/li><li><a href=\"https:\/\/henro.fr\/en\/glossary\/miroku-bosatsu\/\" title=\"Miroku Bosatsu\">Miroku Bosatsu<\/a>  22 January 2019<\/li><li><a href=\"https:\/\/henro.fr\/en\/glossary\/aizendo\/\" title=\"Aizend\u014d\">Aizend\u014d<\/a>  15 January 2019<\/li><li><a href=\"https:\/\/henro.fr\/en\/glossary\/obon\/\" title=\"obon\">obon<\/a>  15 January 2019<\/li><li><a href=\"https:\/\/henro.fr\/en\/glossary\/toin\/\" title=\"T\u014din\">T\u014din<\/a>  9 January 2019<\/li><li><a href=\"https:\/\/henro.fr\/en\/glossary\/ryokan\/\" title=\"Ryokan\">Ryokan<\/a>  1 December 2018<\/li><li><a href=\"https:\/\/henro.fr\/en\/glossary\/emon-saburo\/\" title=\"Emon Sabur\u014d\">Emon Sabur\u014d<\/a>  26 March 2018<\/li><\/ul>\n<h3>The last 10 temples created or updated<\/h3>\n<ul class=\"lcp_catlist\" id=\"lcp_instance_0\"><li><a href=\"https:\/\/henro.fr\/en\/temple\/konsen-ji-pilgrimage-tokushima\/\" title=\"03-Konsen-ji\">03-Konsen-ji<\/a>  7 November 2017<\/li><li><a href=\"https:\/\/henro.fr\/en\/temple\/gokuraku-ji-pilgrimage-tokushima\/\" title=\"02-Gokuraku-ji\">02-Gokuraku-ji<\/a>  4 November 2017<\/li><li><a href=\"https:\/\/henro.fr\/en\/temple\/dainichi-ji-pelerinage-tokushima\/\" title=\"13-Dainichi-ji\">13-Dainichi-ji<\/a>  9 November 2017<\/li><li><a href=\"https:\/\/henro.fr\/en\/temple\/yakuo-ji-pilgrimage-tokushima\/\" title=\"23-Yaku\u014d-ji\">23-Yaku\u014d-ji<\/a>  9 November 2017<\/li><li><a href=\"https:\/\/henro.fr\/en\/temple\/byodo-ji-pilgrimage-tokushima\/\" title=\"22-By\u014dd\u014d-ji\">22-By\u014dd\u014d-ji<\/a>  9 November 2017<\/li><li><a href=\"https:\/\/henro.fr\/en\/temple\/kakurin-ji-pilgrimage-tokushima\/\" title=\"20-Kakurin-ji\">20-Kakurin-ji<\/a>  9 November 2017<\/li><li><a href=\"https:\/\/henro.fr\/en\/temple\/tatsue-ji-pilgrimage-tokushima\/\" title=\"19-Tatsue-ji\">19-Tatsue-ji<\/a>  9 November 2017<\/li><li><a href=\"https:\/\/henro.fr\/en\/temple\/onzan-ji-pilgrimage-tokushima\/\" title=\"18-Onzan-ji\">18-Onzan-ji<\/a>  9 November 2017<\/li><li><a href=\"https:\/\/henro.fr\/en\/temple\/kannon-ji-pilgrimage-tokushima\/\" title=\"16-Kannon-ji\">16-Kannon-ji<\/a>  9 November 2017<\/li><li><a href=\"https:\/\/henro.fr\/en\/temple\/joraku-ji-pilgrimage-tokushima\/\" title=\"14-J\u014draku-ji\">14-J\u014draku-ji<\/a>  9 November 2017<\/li><\/ul>\n<h3>The last 10 posts updated<\/h3>\n<ul class=\"lcp_catlist\" id=\"lcp_instance_0\"><li><a href=\"https:\/\/henro.fr\/en\/ryokan-dormir-pelerinage-shikoku\/\" title=\"Ryokan\">Ryokan<\/a> 13 April 2020<\/li><li><a href=\"https:\/\/henro.fr\/en\/zenkonyado-pelerinage-shikoku\/\" title=\"Zenkonyado\">Zenkonyado<\/a> 27 May 2019<\/li><li><a href=\"https:\/\/henro.fr\/en\/hachiju-hachi-kasho-kesako\/\" title=\"Hachiju hachi kasho what&#8217;s that?\">Hachiju hachi kasho what&#8217;s that?<\/a> 17 March 2019<\/li><li><a href=\"https:\/\/henro.fr\/en\/shikoku-pilgrimage-temples-maps\/\" title=\"Shikoku pilgrimage temples maps\">Shikoku pilgrimage temples maps<\/a> 7 February 2019<\/li><li><a href=\"https:\/\/henro.fr\/en\/kobo-daishi-kukai\/\" title=\"K\u014db\u014d Daishi (K\u016bkai)\">K\u014db\u014d Daishi (K\u016bkai)<\/a> 7 February 2019<\/li><li><a href=\"https:\/\/henro.fr\/en\/henro-house-pelerinage-shikoku\/\" title=\"Henro House\">Henro House<\/a> 6 February 2019<\/li><li><a href=\"https:\/\/henro.fr\/en\/henro-goya-pelerinage-shikoku\/\" title=\"Henro Goya\">Henro Goya<\/a> 6 February 2019<\/li><li><a href=\"https:\/\/henro.fr\/en\/nojuku-shikoku-henro\/\" title=\"Nojuku\">Nojuku<\/a> 6 February 2019<\/li><li><a href=\"https:\/\/henro.fr\/en\/presentation-de-shikoku\/\" title=\"Shikoku introduction\">Shikoku introduction<\/a> 11 January 2019<\/li><\/ul>\n","protected":false},"excerpt":{"rendered":"<p>You will find on this page the last additions and the last modifications of the website henro trail on the pilgrimage of Shikoku. The last 10 posts The last 10 entries of the glossary The last 10 temples created or updated The last 10 posts updated<\/p>\n","protected":false},"author":1,"featured_media":0,"parent":0,"menu_order":0,"comment_status":"closed","ping_status":"closed","template":"","meta":{"advgb_blocks_editor_width":"","advgb_blocks_columns_visual_guide":""},"yst_prominent_words":[737,724,739,726,728,730,736,735,723,527,731,719,515,725,591,722,505,586,718,734],"coauthors":[],"author_meta":{"author_link":"https:\/\/henro.fr\/en\/author\/henrobudo\/","display_name":"henrobudo"},"relative_dates":{"created":"Posted 8 years ago","modified":"Updated 7 years ago"},"featured_img_caption":"","_links":{"self":[{"href":"https:\/\/henro.fr\/en\/wp-json\/wp\/v2\/pages\/4227"}],"collection":[{"href":"https:\/\/henro.fr\/en\/wp-json\/wp\/v2\/pages"}],"about":[{"href":"https:\/\/henro.fr\/en\/wp-json\/wp\/v2\/types\/page"}],"author":[{"embeddable":true,"href":"https:\/\/henro.fr\/en\/wp-json\/wp\/v2\/users\/1"}],"replies":[{"embeddable":true,"href":"https:\/\/henro.fr\/en\/wp-json\/wp\/v2\/comments?post=4227"}],"version-history":[{"count":3,"href":"https:\/\/henro.fr\/en\/wp-json\/wp\/v2\/pages\/4227\/revisions"}],"predecessor-version":[{"id":21346,"href":"https:\/\/henro.fr\/en\/wp-json\/wp\/v2\/pages\/4227\/revisions\/21346"}],"wp:attachment":[{"href":"https:\/\/henro.fr\/en\/wp-json\/wp\/v2\/media?parent=4227"}],"wp:term":[{"taxonomy":"yst_prominent_words","embeddable":true,"href":"https:\/\/henro.fr\/en\/wp-json\/wp\/v2\/yst_prominent_words?post=4227"}],"curies":[{"name":"wp","href":"https:\/\/api.w.org\/{rel}","templated":true}]}}